{"id":28692,"date":"2018-10-29T12:05:31","date_gmt":"2018-10-29T12:05:31","guid":{"rendered":"https:\/\/www.glowrehabilita.com\/?page_id=28692"},"modified":"2020-04-04T11:12:12","modified_gmt":"2020-04-04T11:12:12","slug":"home","status":"publish","type":"page","link":"https:\/\/glowrehabilita.com\/fr\/home\/","title":{"rendered":"Home"},"content":{"rendered":"<p>[et_pb_section fb_built=\u00a0\u00bb1&Prime; _builder_version=\u00a0\u00bb4.4.1&Prime;][et_pb_row column_structure=\u00a0\u00bb2_5,3_5&Prime; _builder_version=\u00a0\u00bb4.4.1&Prime; custom_margin=\u00a0\u00bb||100px||false|false\u00a0\u00bb custom_margin_tablet=\u00a0\u00bb||80px||false|false\u00a0\u00bb custom_margin_phone=\u00a0\u00bb||80px||false|false\u00a0\u00bb custom_margin_last_edited=\u00a0\u00bbon|phone\u00a0\u00bb][et_pb_column type=\u00a0\u00bb2_5&Prime; _builder_version=\u00a0\u00bb4.4.1&Prime;][\/et_pb_column][et_pb_column type=\u00a0\u00bb3_5&Prime; _builder_version=\u00a0\u00bb4.4.1&Prime;][et_pb_text _builder_version=\u00a0\u00bb4.4.1&Prime; header_font=\u00a0\u00bb|||on|||||\u00a0\u00bb header_text_align=\u00a0\u00bbleft\u00a0\u00bb]<\/p>\n<h1>Home<\/h1>\n<p>[\/et_pb_text][et_pb_text _builder_version=\u00a0\u00bb4.4.1&Prime; header_font=\u00a0\u00bb|||on|||||\u00a0\u00bb header_text_align=\u00a0\u00bbleft\u00a0\u00bb]<\/p>\n<p>Nous r\u00e9alisons des projets de d\u00e9coration d\u2019int\u00e9rieur et d\u2019architecture.<\/p>\n<p>Nous proposons un service int\u00e9gral et cl\u00e9 en main, pour des projets de d\u00e9coration d\u2019int\u00e9rieur de tout type de logement. D\u00e8s le d\u00e9but, le d\u00e9partement technique pr\u00e9pare les plans techniques et les rendus en 3D, lesquels sont n\u00e9cessaires tant pour fournir un aper\u00e7u optimal du r\u00e9sultat final que pour la validation d\u00e9finitive du projet.<\/p>\n<p>[\/et_pb_text][et_pb_image src=\u00a0\u00bbhttps:\/\/www.glowrehabilita.com\/wp-content\/uploads\/2018\/11\/PROYECTO-INGRID-Glow_Rehabilita.jpg\u00a0\u00bb align_tablet=\u00a0\u00bbcenter\u00a0\u00bb align_phone=\u00a0\u00bb\u00a0\u00bb align_last_edited=\u00a0\u00bbon|desktop\u00a0\u00bb admin_label=\u00a0\u00bbImagen HOME\u00a0\u00bb _builder_version=\u00a0\u00bb4.4.1&Prime; custom_margin=\u00a0\u00bb||||false|false\u00a0\u00bb]&nbsp;<br \/>\n[\/et_pb_image][\/et_pb_column][\/et_pb_row][et_pb_row column_structure=\u00a0\u00bb1_4,3_4&Prime; use_custom_gutter=\u00a0\u00bbon\u00a0\u00bb gutter_width=\u00a0\u00bb2&Prime; _builder_version=\u00a0\u00bb4.4.1&Prime;][et_pb_column type=\u00a0\u00bb1_4&Prime; _builder_version=\u00a0\u00bb4.4.1&Prime;][\/et_pb_column][et_pb_column type=\u00a0\u00bb3_4&Prime; _builder_version=\u00a0\u00bb4.4.1&Prime;][et_pb_blog fullwidth=\u00a0\u00bboff\u00a0\u00bb posts_number=\u00a0\u00bb4&Prime; include_categories=\u00a0\u00bb77&Prime; show_author=\u00a0\u00bboff\u00a0\u00bb show_date=\u00a0\u00bboff\u00a0\u00bb show_categories=\u00a0\u00bboff\u00a0\u00bb show_excerpt=\u00a0\u00bboff\u00a0\u00bb show_pagination=\u00a0\u00bboff\u00a0\u00bb use_overlay=\u00a0\u00bbon\u00a0\u00bb overlay_icon_color=\u00a0\u00bbrgba(0,0,0,0)\u00a0\u00bb hover_overlay_color=\u00a0\u00bbrgba(0,0,0,0.7)\u00a0\u00bb module_id=\u00a0\u00bbbloc_projectes\u00a0\u00bb _builder_version=\u00a0\u00bb4.4.1&Prime; header_font=\u00a0\u00bb|||on|||||\u00a0\u00bb header_text_color=\u00a0\u00bb#ffffff\u00a0\u00bb header_font_size=\u00a0\u00bb1.3em\u00a0\u00bb header_line_height=\u00a0\u00bb1.2em\u00a0\u00bb locked=\u00a0\u00bboff\u00a0\u00bb][\/et_pb_blog][\/et_pb_column][\/et_pb_row][\/et_pb_section]<\/p>\n","protected":false},"excerpt":{"rendered":"<p>HomeNous r\u00e9alisons des projets de d\u00e9coration d\u2019int\u00e9rieur et d\u2019architecture. Nous proposons un service int\u00e9gral et cl\u00e9 en main, pour des projets de d\u00e9coration d\u2019int\u00e9rieur de tout type de logement. D\u00e8s le d\u00e9but, le d\u00e9partement technique pr\u00e9pare les plans techniques et les rendus en 3D, lesquels sont n\u00e9cessaires tant pour fournir un aper\u00e7u optimal du r\u00e9sultat [&hellip;]<\/p>\n","protected":false},"author":4,"featured_media":0,"parent":0,"menu_order":0,"comment_status":"closed","ping_status":"closed","template":"","meta":{"_et_pb_use_builder":"on","_et_pb_old_content":"Proyectos de Interiorismo.\r\n\r\nProyectos integrales de reformas en viviendas.\r\n\r\nProyectos Integrales de Locales comerciales y oficinas (Legalizaci\u00f3n,obtenci\u00f3n de licencias de apertura, llaves en mano )\r\n\r\nRehabilitaci\u00f3n de fachadas.\r\n\r\nMantenimientos integrales.","_et_gb_content_width":"","inline_featured_image":false,"footnotes":""},"class_list":["post-28692","page","type-page","status-publish","hentry"],"_links":{"self":[{"href":"https:\/\/glowrehabilita.com\/fr\/wp-json\/wp\/v2\/pages\/28692","targetHints":{"allow":["GET"]}}],"collection":[{"href":"https:\/\/glowrehabilita.com\/fr\/wp-json\/wp\/v2\/pages"}],"about":[{"href":"https:\/\/glowrehabilita.com\/fr\/wp-json\/wp\/v2\/types\/page"}],"author":[{"embeddable":true,"href":"https:\/\/glowrehabilita.com\/fr\/wp-json\/wp\/v2\/users\/4"}],"replies":[{"embeddable":true,"href":"https:\/\/glowrehabilita.com\/fr\/wp-json\/wp\/v2\/comments?post=28692"}],"version-history":[{"count":11,"href":"https:\/\/glowrehabilita.com\/fr\/wp-json\/wp\/v2\/pages\/28692\/revisions"}],"predecessor-version":[{"id":32554,"href":"https:\/\/glowrehabilita.com\/fr\/wp-json\/wp\/v2\/pages\/28692\/revisions\/32554"}],"wp:attachment":[{"href":"https:\/\/glowrehabilita.com\/fr\/wp-json\/wp\/v2\/media?parent=28692"}],"curies":[{"name":"wp","href":"https:\/\/api.w.org\/{rel}","templated":true}]}}