{"id":28300,"date":"2018-07-24T08:43:44","date_gmt":"2018-07-24T08:43:44","guid":{"rendered":"https:\/\/www.glowrehabilita.com\/?page_id=28300"},"modified":"2020-04-04T09:54:19","modified_gmt":"2020-04-04T09:54:19","slug":"comment-nous-travaillons","status":"publish","type":"page","link":"https:\/\/glowrehabilita.com\/fr\/comment-nous-travaillons\/","title":{"rendered":"Comment nous travaillons"},"content":{"rendered":"<p>[et_pb_section fb_built=\u00a0\u00bb1&Prime; _builder_version=\u00a0\u00bb4.4.1&Prime; module_alignment=\u00a0\u00bbcenter\u00a0\u00bb custom_padding=\u00a0\u00bb||0px||false|false\u00a0\u00bb locked=\u00a0\u00bboff\u00a0\u00bb][et_pb_row column_structure=\u00a0\u00bb2_5,3_5&Prime; use_custom_gutter=\u00a0\u00bbon\u00a0\u00bb gutter_width=\u00a0\u00bb2&Prime; make_equal=\u00a0\u00bbon\u00a0\u00bb _builder_version=\u00a0\u00bb4.4.1&Prime; background_enable_color=\u00a0\u00bboff\u00a0\u00bb background_size=\u00a0\u00bbinitial\u00a0\u00bb background_position=\u00a0\u00bbtop_left\u00a0\u00bb background_repeat=\u00a0\u00bbrepeat\u00a0\u00bb width=\u00a0\u00bb100%\u00a0\u00bb custom_padding=\u00a0\u00bb||15px||false|false\u00a0\u00bb][et_pb_column type=\u00a0\u00bb2_5&Prime; _builder_version=\u00a0\u00bb4.4.1&Prime; background_color=\u00a0\u00bb#eeeeee\u00a0\u00bb custom_padding=\u00a0\u00bb70px|30px|70px|30px|false|false\u00a0\u00bb custom_padding__hover=\u00a0\u00bb|||\u00a0\u00bb][et_pb_text admin_label=\u00a0\u00bbTexto\u00a0\u00bb _builder_version=\u00a0\u00bb4.4.1&Prime; text_font_size=\u00a0\u00bb1px\u00a0\u00bb text_line_height=\u00a0\u00bb1em\u00a0\u00bb header_4_font=\u00a0\u00bb||||||||\u00a0\u00bb header_4_text_align=\u00a0\u00bbleft\u00a0\u00bb header_4_text_color=\u00a0\u00bb#5f6062&Prime; header_4_font_size=\u00a0\u00bb22px\u00a0\u00bb header_4_line_height=\u00a0\u00bb1.5em\u00a0\u00bb background_color=\u00a0\u00bb#eeeeee\u00a0\u00bb background_layout=\u00a0\u00bbdark\u00a0\u00bb]<\/p>\n<h4>Realizamos Proyectos de Interiorismo y Arquitectura.<\/h4>\n<p>[\/et_pb_text][et_pb_divider color=\u00a0\u00bb#5f6062&Prime; _builder_version=\u00a0\u00bb4.4.1&Prime; width=\u00a0\u00bb10%\u00a0\u00bb min_height=\u00a0\u00bb0px\u00a0\u00bb custom_margin=\u00a0\u00bb||60px||false|false\u00a0\u00bb locked=\u00a0\u00bboff\u00a0\u00bb][\/et_pb_divider][et_pb_text admin_label=\u00a0\u00bbTexto\u00a0\u00bb _builder_version=\u00a0\u00bb4.4.1&Prime; text_font_size=\u00a0\u00bb1px\u00a0\u00bb text_line_height=\u00a0\u00bb1em\u00a0\u00bb header_4_font=\u00a0\u00bb||||||||\u00a0\u00bb header_4_text_align=\u00a0\u00bbleft\u00a0\u00bb header_4_text_color=\u00a0\u00bb#5f6062&Prime; header_4_font_size=\u00a0\u00bb16px\u00a0\u00bb header_4_line_height=\u00a0\u00bb1.5em\u00a0\u00bb background_color=\u00a0\u00bb#eeeeee\u00a0\u00bb background_layout=\u00a0\u00bbdark\u00a0\u00bb]<\/p>\n<h4>Realizamos Proyectos integrales de Locales comerciales y Proyectos de Ingenieria.<\/h4>\n<p>[\/et_pb_text][\/et_pb_column][et_pb_column type=\u00a0\u00bb3_5&Prime; _builder_version=\u00a0\u00bb3.25&Prime; custom_padding=\u00a0\u00bb|||\u00a0\u00bb custom_padding__hover=\u00a0\u00bb|||\u00a0\u00bb][et_pb_image src=\u00a0\u00bbhttps:\/\/www.glowrehabilita.com\/wp-content\/uploads\/2020\/03\/Cuina-Sant-Cugat-34.jpg\u00a0\u00bb admin_label=\u00a0\u00bbImagen\u00a0\u00bb _builder_version=\u00a0\u00bb4.4.1&Prime;][\/et_pb_image][\/et_pb_column][\/et_pb_row][\/et_pb_section][et_pb_section fb_built=\u00a0\u00bb1&Prime; _builder_version=\u00a0\u00bb4.4.1&Prime; custom_padding=\u00a0\u00bb0px||0px||false|false\u00a0\u00bb][et_pb_row column_structure=\u00a0\u00bb1_4,1_4,1_2&Prime; use_custom_gutter=\u00a0\u00bbon\u00a0\u00bb gutter_width=\u00a0\u00bb2&Prime; make_equal=\u00a0\u00bbon\u00a0\u00bb _builder_version=\u00a0\u00bb4.4.1&Prime; background_enable_color=\u00a0\u00bboff\u00a0\u00bb background_size=\u00a0\u00bbinitial\u00a0\u00bb background_position=\u00a0\u00bbtop_left\u00a0\u00bb background_repeat=\u00a0\u00bbrepeat\u00a0\u00bb width=\u00a0\u00bb100%\u00a0\u00bb custom_margin=\u00a0\u00bb||||false|false\u00a0\u00bb custom_padding=\u00a0\u00bb20px||||false|false\u00a0\u00bb][et_pb_column type=\u00a0\u00bb1_4&Prime; _builder_version=\u00a0\u00bb4.4.1&Prime;][\/et_pb_column][et_pb_column type=\u00a0\u00bb1_4&Prime; _builder_version=\u00a0\u00bb4.4.1&Prime;][et_pb_image src=\u00a0\u00bbhttps:\/\/www.glowrehabilita.com\/wp-content\/uploads\/2019\/11\/Glow_Blanche_cuina_043.jpg\u00a0\u00bb _builder_version=\u00a0\u00bb4.4.1&Prime; scroll_fade_enable=\u00a0\u00bbon\u00a0\u00bb scroll_fade=\u00a0\u00bb0|50|50|100|0%|100|100&Prime; scroll_scaling=\u00a0\u00bb20|50|50|100|70|100|100&Prime; motion_trigger_start=\u00a0\u00bbtop\u00a0\u00bb][\/et_pb_image][\/et_pb_column][et_pb_column type=\u00a0\u00bb1_2&Prime; _builder_version=\u00a0\u00bb4.4.1&Prime;][et_pb_text _builder_version=\u00a0\u00bb4.4.1&Prime; hover_enabled=\u00a0\u00bb0&Prime;]<strong>VISITE<\/strong>[\/et_pb_text][et_pb_divider color=\u00a0\u00bb#5f6062&Prime; _builder_version=\u00a0\u00bb4.4.1&Prime; width=\u00a0\u00bb10%\u00a0\u00bb min_height=\u00a0\u00bb0px\u00a0\u00bb custom_margin=\u00a0\u00bb||60px||false|false\u00a0\u00bb locked=\u00a0\u00bboff\u00a0\u00bb][\/et_pb_divider][et_pb_text _builder_version=\u00a0\u00bb4.4.1&Prime; hover_enabled=\u00a0\u00bb0&Prime;]Une premi\u00e8re r\u00e9union nous permettra de d\u00e9terminer vos besoins et de partager des impressions. Nous prendrons le temps qu\u2019il faudra pour nous impr\u00e9gner de vos id\u00e9es et de vos go\u00fbts, afin que le projet final soit totalement personnel et unique.<\/p>\n<p>Ensuite, nous visiterons l\u2019espace pour effectuer des mesures, des photos et collecter toutes les donn\u00e9es n\u00e9cessaires \u00e0 la r\u00e9alisation du projet.[\/et_pb_text][\/et_pb_column][\/et_pb_row][\/et_pb_section][et_pb_section fb_built=\u00a0\u00bb1&Prime; _builder_version=\u00a0\u00bb4.4.1&Prime; custom_padding=\u00a0\u00bb0px||0px||false|false\u00a0\u00bb][et_pb_row column_structure=\u00a0\u00bb1_4,1_4,1_2&Prime; use_custom_gutter=\u00a0\u00bbon\u00a0\u00bb gutter_width=\u00a0\u00bb2&Prime; make_equal=\u00a0\u00bbon\u00a0\u00bb _builder_version=\u00a0\u00bb4.4.1&Prime; background_enable_color=\u00a0\u00bboff\u00a0\u00bb background_size=\u00a0\u00bbinitial\u00a0\u00bb background_position=\u00a0\u00bbtop_left\u00a0\u00bb background_repeat=\u00a0\u00bbrepeat\u00a0\u00bb width=\u00a0\u00bb100%\u00a0\u00bb custom_margin=\u00a0\u00bb||||false|false\u00a0\u00bb custom_padding=\u00a0\u00bb20px||||false|false\u00a0\u00bb][et_pb_column type=\u00a0\u00bb1_4&Prime; _builder_version=\u00a0\u00bb4.4.1&Prime;][\/et_pb_column][et_pb_column type=\u00a0\u00bb1_4&Prime; _builder_version=\u00a0\u00bb4.4.1&Prime;][et_pb_image src=\u00a0\u00bbhttps:\/\/www.glowrehabilita.com\/wp-content\/uploads\/2020\/03\/Glow_Chloe_ACCamera_15-Bany.jpg\u00a0\u00bb _builder_version=\u00a0\u00bb4.4.1&Prime; scroll_fade_enable=\u00a0\u00bbon\u00a0\u00bb scroll_fade=\u00a0\u00bb0|50|50|100|0%|100|100&Prime;][\/et_pb_image][\/et_pb_column][et_pb_column type=\u00a0\u00bb1_2&Prime; _builder_version=\u00a0\u00bb4.4.1&Prime;][et_pb_text _builder_version=\u00a0\u00bb4.4.1&Prime; hover_enabled=\u00a0\u00bb0&Prime;]<strong>PROJET<\/strong>[\/et_pb_text][et_pb_divider color=\u00a0\u00bb#5f6062&Prime; _builder_version=\u00a0\u00bb4.4.1&Prime; width=\u00a0\u00bb10%\u00a0\u00bb min_height=\u00a0\u00bb0px\u00a0\u00bb custom_margin=\u00a0\u00bb||60px||false|false\u00a0\u00bb locked=\u00a0\u00bboff\u00a0\u00bb][\/et_pb_divider][et_pb_text _builder_version=\u00a0\u00bb4.4.1&Prime; hover_enabled=\u00a0\u00bb0&Prime;]Cette phase comprend la r\u00e9alisation d\u2019une s\u00e9rie de plans et d\u2019images en 3D qui vous permettront de mieux comprendre et de visualiser votre projet. Ce processus de projection nous est \u00e9galement tr\u00e8s utile, car il nous permet d\u2019analyser et d\u2019appr\u00e9hender totalement l\u2019espace pour trouver la solution la plus ad\u00e9quate, avec toutes sortes de d\u00e9tails.<\/p>\n<p>Nous nous r\u00e9unirons \u00e0 nouveau pour parler du projet et appliquer les ajustements n\u00e9cessaires pour obtenir un r\u00e9sultat id\u00e9al.[\/et_pb_text][\/et_pb_column][\/et_pb_row][\/et_pb_section][et_pb_section fb_built=\u00a0\u00bb1&Prime; _builder_version=\u00a0\u00bb4.4.1&Prime; custom_padding=\u00a0\u00bb0px||0px||false|false\u00a0\u00bb][et_pb_row column_structure=\u00a0\u00bb1_4,1_4,1_2&Prime; use_custom_gutter=\u00a0\u00bbon\u00a0\u00bb gutter_width=\u00a0\u00bb2&Prime; make_equal=\u00a0\u00bbon\u00a0\u00bb _builder_version=\u00a0\u00bb4.4.1&Prime; background_enable_color=\u00a0\u00bboff\u00a0\u00bb background_size=\u00a0\u00bbinitial\u00a0\u00bb background_position=\u00a0\u00bbtop_left\u00a0\u00bb background_repeat=\u00a0\u00bbrepeat\u00a0\u00bb width=\u00a0\u00bb100%\u00a0\u00bb custom_margin=\u00a0\u00bb||||false|false\u00a0\u00bb custom_padding=\u00a0\u00bb20px||||false|false\u00a0\u00bb][et_pb_column type=\u00a0\u00bb1_4&Prime; _builder_version=\u00a0\u00bb4.4.1&Prime;][\/et_pb_column][et_pb_column type=\u00a0\u00bb1_4&Prime; _builder_version=\u00a0\u00bb4.4.1&Prime;][et_pb_image src=\u00a0\u00bbhttps:\/\/www.glowrehabilita.com\/wp-content\/uploads\/2019\/03\/Glow-Rovellat-Sant-Cugat87.jpg\u00a0\u00bb _builder_version=\u00a0\u00bb4.4.1&Prime;][\/et_pb_image][\/et_pb_column][et_pb_column type=\u00a0\u00bb1_2&Prime; _builder_version=\u00a0\u00bb4.4.1&Prime;][et_pb_text _builder_version=\u00a0\u00bb4.4.1&Prime; hover_enabled=\u00a0\u00bb0&Prime;]<strong>DEVIS<\/strong>[\/et_pb_text][et_pb_divider color=\u00a0\u00bb#5f6062&Prime; _builder_version=\u00a0\u00bb4.4.1&Prime; width=\u00a0\u00bb10%\u00a0\u00bb min_height=\u00a0\u00bb0px\u00a0\u00bb custom_margin=\u00a0\u00bb||60px||false|false\u00a0\u00bb locked=\u00a0\u00bboff\u00a0\u00bb][\/et_pb_divider][et_pb_text _builder_version=\u00a0\u00bb4.4.1&Prime; hover_enabled=\u00a0\u00bb0&Prime;]Lorsque le projet sera clairement d\u00e9fini, nous \u00e9tablirons un devis sur mesure qui comprendra chacun des travaux \u00e0 r\u00e9aliser. Il s\u2019agit d\u2019un devis d\u00e9taill\u00e9 qui vous permettra de voir les unit\u00e9s, les r\u00e9f\u00e9rences des mat\u00e9riaux, ainsi que le co\u00fbt par unit\u00e9 et total de chaque \u00e9l\u00e9ment. Un devis minutieux donne de la valeur au travail et garantit que rien ne sera laiss\u00e9 au hasard, sans aucune surprise de derni\u00e8re minute.<\/p>\n<p>Nous d\u00e9terminerons \u00e0 tout moment avec vous les finitions et les \u00e9l\u00e9ments de la conception, nous vous conseillerons \u00e0 cet \u00e9gard, afin que la proposition finale s\u2019adapte \u00e0 vos besoins et \u00e0 votre budget.[\/et_pb_text][\/et_pb_column][\/et_pb_row][\/et_pb_section][et_pb_section fb_built=\u00a0\u00bb1&Prime; _builder_version=\u00a0\u00bb4.4.1&Prime; custom_padding=\u00a0\u00bb0px||50px||false|false\u00a0\u00bb][et_pb_row column_structure=\u00a0\u00bb1_4,1_4,1_2&Prime; use_custom_gutter=\u00a0\u00bbon\u00a0\u00bb gutter_width=\u00a0\u00bb2&Prime; make_equal=\u00a0\u00bbon\u00a0\u00bb _builder_version=\u00a0\u00bb4.4.1&Prime; background_enable_color=\u00a0\u00bboff\u00a0\u00bb background_size=\u00a0\u00bbinitial\u00a0\u00bb background_position=\u00a0\u00bbtop_left\u00a0\u00bb background_repeat=\u00a0\u00bbrepeat\u00a0\u00bb width=\u00a0\u00bb100%\u00a0\u00bb custom_margin=\u00a0\u00bb||||false|false\u00a0\u00bb custom_padding=\u00a0\u00bb20px||||false|false\u00a0\u00bb][et_pb_column type=\u00a0\u00bb1_4&Prime; _builder_version=\u00a0\u00bb4.4.1&Prime;][\/et_pb_column][et_pb_column type=\u00a0\u00bb1_4&Prime; _builder_version=\u00a0\u00bb4.4.1&Prime;][et_pb_image src=\u00a0\u00bbhttps:\/\/www.glowrehabilita.com\/wp-content\/uploads\/2020\/03\/Glow_Chloe_312_copia.jpg\u00a0\u00bb _builder_version=\u00a0\u00bb4.4.1&Prime;][\/et_pb_image][\/et_pb_column][et_pb_column type=\u00a0\u00bb1_2&Prime; _builder_version=\u00a0\u00bb4.4.1&Prime;][et_pb_text _builder_version=\u00a0\u00bb4.4.1&Prime; hover_enabled=\u00a0\u00bb0&Prime;]<strong>DIRECTION ET COORDINATION DES TRAVAUX<\/strong>[\/et_pb_text][et_pb_divider color=\u00a0\u00bb#5f6062&Prime; _builder_version=\u00a0\u00bb4.4.1&Prime; width=\u00a0\u00bb10%\u00a0\u00bb min_height=\u00a0\u00bb0px\u00a0\u00bb custom_margin=\u00a0\u00bb||60px||false|false\u00a0\u00bb locked=\u00a0\u00bboff\u00a0\u00bb][\/et_pb_divider][et_pb_text _builder_version=\u00a0\u00bb4.4.1&Prime; hover_enabled=\u00a0\u00bb0&Prime;]Une fois les id\u00e9es et le devis d\u00e9finis, les travaux pourront commencer et la phase la plus complexe du processus de r\u00e9novation d\u00e9buter.<\/p>\n<p>Nous prendrons en charge le suivi et l\u2019ex\u00e9cution des travaux, en coordination avec tous les professionnels impliqu\u00e9s et en nous assurant que les qualit\u00e9s et les finitions d\u00e9finies aux pr\u00e9alables sont respect\u00e9es.<\/p>\n<p>Notre exp\u00e9rience dans la ma\u00eetrise d\u2019ouvrage nous permettra d\u2019anticiper et de parer \u00e0 tous les impr\u00e9vus, afin de r\u00e9aliser la r\u00e9novation dans les d\u00e9lais accord\u00e9s.<\/p>\n<p>Une fois le projet achev\u00e9, nous effectuerons un suivi et prendrons en charge les incidents \u00e9ventuels.[\/et_pb_text][\/et_pb_column][\/et_pb_row][\/et_pb_section]<\/p>\n","protected":false},"excerpt":{"rendered":"<p>Realizamos Proyectos de Interiorismo y Arquitectura.Realizamos Proyectos integrales de Locales comerciales y Proyectos de Ingenieria.VISITEUne premi\u00e8re r\u00e9union nous permettra de d\u00e9terminer vos besoins et de partager des impressions. Nous prendrons le temps qu\u2019il faudra pour nous impr\u00e9gner de vos id\u00e9es et de vos go\u00fbts, afin que le projet final soit totalement personnel et unique. Ensuite, [&hellip;]<\/p>\n","protected":false},"author":5,"featured_media":0,"parent":0,"menu_order":0,"comment_status":"closed","ping_status":"closed","template":"","meta":{"_et_pb_use_builder":"on","_et_pb_old_content":"Proyectos de Interiorismo.\r\n\r\nProyectos integrales de reformas en viviendas.\r\n\r\nProyectos Integrales de Locales comerciales y oficinas (Legalizaci\u00f3n,obtenci\u00f3n de licencias de apertura, llaves en mano )\r\n\r\nRehabilitaci\u00f3n de fachadas.\r\n\r\nMantenimientos integrales.","_et_gb_content_width":"","inline_featured_image":false,"footnotes":""},"class_list":["post-28300","page","type-page","status-publish","hentry"],"_links":{"self":[{"href":"https:\/\/glowrehabilita.com\/fr\/wp-json\/wp\/v2\/pages\/28300","targetHints":{"allow":["GET"]}}],"collection":[{"href":"https:\/\/glowrehabilita.com\/fr\/wp-json\/wp\/v2\/pages"}],"about":[{"href":"https:\/\/glowrehabilita.com\/fr\/wp-json\/wp\/v2\/types\/page"}],"author":[{"embeddable":true,"href":"https:\/\/glowrehabilita.com\/fr\/wp-json\/wp\/v2\/users\/5"}],"replies":[{"embeddable":true,"href":"https:\/\/glowrehabilita.com\/fr\/wp-json\/wp\/v2\/comments?post=28300"}],"version-history":[{"count":15,"href":"https:\/\/glowrehabilita.com\/fr\/wp-json\/wp\/v2\/pages\/28300\/revisions"}],"predecessor-version":[{"id":32521,"href":"https:\/\/glowrehabilita.com\/fr\/wp-json\/wp\/v2\/pages\/28300\/revisions\/32521"}],"wp:attachment":[{"href":"https:\/\/glowrehabilita.com\/fr\/wp-json\/wp\/v2\/media?parent=28300"}],"curies":[{"name":"wp","href":"https:\/\/api.w.org\/{rel}","templated":true}]}}