{"id":27519,"date":"2016-11-01T19:57:15","date_gmt":"2016-11-01T19:57:15","guid":{"rendered":"https:\/\/www.glowrehabilita.com\/?page_id=27519"},"modified":"2020-08-01T07:24:29","modified_gmt":"2020-08-01T07:24:29","slug":"enterprise","status":"publish","type":"page","link":"https:\/\/glowrehabilita.com\/fr\/enterprise\/","title":{"rendered":"Enterprise"},"content":{"rendered":"<p>[et_pb_section fb_built=\u00a0\u00bb1&Prime; _builder_version=\u00a0\u00bb4.4.1&Prime; width=\u00a0\u00bb60%\u00a0\u00bb module_alignment=\u00a0\u00bbcenter\u00a0\u00bb custom_padding=\u00a0\u00bb||30px|||\u00a0\u00bb][et_pb_row column_structure=\u00a0\u00bb2_5,3_5&Prime; _builder_version=\u00a0\u00bb3.25&Prime; background_size=\u00a0\u00bbinitial\u00a0\u00bb background_position=\u00a0\u00bbtop_left\u00a0\u00bb background_repeat=\u00a0\u00bbrepeat\u00a0\u00bb][et_pb_column type=\u00a0\u00bb2_5&Prime; _builder_version=\u00a0\u00bb3.25&Prime; custom_padding=\u00a0\u00bb|||\u00a0\u00bb custom_padding__hover=\u00a0\u00bb|||\u00a0\u00bb][\/et_pb_column][et_pb_column type=\u00a0\u00bb3_5&Prime; _builder_version=\u00a0\u00bb3.25&Prime; custom_padding=\u00a0\u00bb|||\u00a0\u00bb custom_padding__hover=\u00a0\u00bb|||\u00a0\u00bb][et_pb_image src=\u00a0\u00bbhttps:\/\/www.glowrehabilita.com\/wp-content\/uploads\/2020\/03\/Cuina-Sant-Cugat-35.jpg\u00a0\u00bb _builder_version=\u00a0\u00bb4.4.1&Prime;][\/et_pb_image][et_pb_text admin_label=\u00a0\u00bbTexto\u00a0\u00bb _builder_version=\u00a0\u00bb4.4.1&Prime; text_font_size=\u00a0\u00bb1px\u00a0\u00bb text_line_height=\u00a0\u00bb1em\u00a0\u00bb header_4_font=\u00a0\u00bb||||||||\u00a0\u00bb header_4_text_align=\u00a0\u00bbleft\u00a0\u00bb header_4_text_color=\u00a0\u00bb#5f6062&Prime; header_4_font_size=\u00a0\u00bb22px\u00a0\u00bb header_4_line_height=\u00a0\u00bb1.5em\u00a0\u00bb background_layout=\u00a0\u00bbdark\u00a0\u00bb]<\/p>\n<h4>Chez GLOW REHABILITA, nous travaillons pour fournir des solutions concr\u00e8tes, personnalis\u00e9es et adapt\u00e9es aux besoins de nos clients, afin qu\u2019ils soient totalement satisfaits.<\/h4>\n<p>[\/et_pb_text][et_pb_text _builder_version=\u00a0\u00bb4.4.1&Prime; header_line_height=\u00a0\u00bb1.1em\u00a0\u00bb background_size=\u00a0\u00bbinitial\u00a0\u00bb background_position=\u00a0\u00bbtop_left\u00a0\u00bb background_repeat=\u00a0\u00bbrepeat\u00a0\u00bb custom_margin=\u00a0\u00bb||15px||false|false\u00a0\u00bb]Notre m\u00e9thode de travail exclusive et personnalis\u00e9e consiste \u00e0 \u00e9tablir d\u00e8s le d\u00e9but une communication fluide avec le client, afin de se mettre d\u2019accord au plus vite sur les travaux \u00e0 ex\u00e9cuter, les mat\u00e9riaux \u00e0 utiliser, etc., du d\u00e9but \u00e0 la fin des travaux, ce qui nous permet d\u2019\u00e9tablir un budget adapt\u00e9 aux besoins et aux attentes des clients.[\/et_pb_text][\/et_pb_column][\/et_pb_row][et_pb_row column_structure=\u00a0\u00bb2_3,1_3&Prime; use_custom_gutter=\u00a0\u00bbon\u00a0\u00bb _builder_version=\u00a0\u00bb4.4.1&Prime; background_enable_image=\u00a0\u00bboff\u00a0\u00bb background_size=\u00a0\u00bbcontain\u00a0\u00bb background_position=\u00a0\u00bbtop_left\u00a0\u00bb custom_padding=\u00a0\u00bb0px||0px||false|false\u00a0\u00bb][et_pb_column type=\u00a0\u00bb2_3&Prime; _builder_version=\u00a0\u00bb4.4.1&Prime; background_image=\u00a0\u00bbhttps:\/\/www.glowrehabilita.com\/wp-content\/uploads\/2020\/02\/paper-pintat-2020.jpg\u00a0\u00bb custom_padding=\u00a0\u00bb|||\u00a0\u00bb custom_padding__hover=\u00a0\u00bb|||\u00a0\u00bb][et_pb_image src=\u00a0\u00bbhttps:\/\/www.glowrehabilita.com\/wp-content\/uploads\/2019\/11\/Glow_Blanche_cuina_029.jpg\u00a0\u00bb _builder_version=\u00a0\u00bb4.4.1&Prime;][\/et_pb_image][\/et_pb_column][et_pb_column type=\u00a0\u00bb1_3&Prime; _builder_version=\u00a0\u00bb4.4.1&Prime; transform_translate=\u00a0\u00bb-10vw|-2vw\u00a0\u00bb transform_translate_linked=\u00a0\u00bboff\u00a0\u00bb custom_padding=\u00a0\u00bb100px||100px||false|false\u00a0\u00bb custom_padding__hover=\u00a0\u00bb|||\u00a0\u00bb][et_pb_text _builder_version=\u00a0\u00bb4.4.1&Prime; header_line_height=\u00a0\u00bb1.1em\u00a0\u00bb background_color=\u00a0\u00bb#ffffff\u00a0\u00bb background_size=\u00a0\u00bbinitial\u00a0\u00bb background_position=\u00a0\u00bbtop_left\u00a0\u00bb background_repeat=\u00a0\u00bbrepeat\u00a0\u00bb width=\u00a0\u00bb100%\u00a0\u00bb custom_margin=\u00a0\u00bb0px||80px||false|false\u00a0\u00bb custom_padding=\u00a0\u00bb60px|10px|60px|60px|false|false\u00a0\u00bb]<\/p>\n<p>Au cours de nos 20 ans d\u2019exp\u00e9rience, nous nous sommes sp\u00e9cialis\u00e9s dans des projets de d\u00e9coration d\u2019int\u00e9rieur, de r\u00e9novation et de r\u00e9am\u00e9nagement int\u00e9gral de logements, de bureaux et de locaux commerciaux de toutes sortes.<\/p>\n<p>[\/et_pb_text][\/et_pb_column][\/et_pb_row][\/et_pb_section][et_pb_section fb_built=\u00a0\u00bb1&Prime; _builder_version=\u00a0\u00bb4.4.1&Prime; width=\u00a0\u00bb60%\u00a0\u00bb module_alignment=\u00a0\u00bbcenter\u00a0\u00bb custom_margin=\u00a0\u00bb0px||||false|false\u00a0\u00bb custom_padding=\u00a0\u00bb0px||11px||false|false\u00a0\u00bb locked=\u00a0\u00bboff\u00a0\u00bb][et_pb_row _builder_version=\u00a0\u00bb4.4.1&Prime; custom_margin=\u00a0\u00bb0px||||false|false\u00a0\u00bb custom_padding=\u00a0\u00bb0px||||false|false\u00a0\u00bb][et_pb_column type=\u00a0\u00bb4_4&Prime; _builder_version=\u00a0\u00bb4.4.1&Prime;][et_pb_image src=\u00a0\u00bbhttps:\/\/glowrehabilita.com\/wp-content\/uploads\/2020\/07\/Glow_3_DSC00133.jpg\u00a0\u00bb title_text=\u00a0\u00bbGlow_3_DSC00133&Prime; _builder_version=\u00a0\u00bb4.4.5&Prime;][\/et_pb_image][\/et_pb_column][\/et_pb_row][\/et_pb_section][et_pb_section fb_built=\u00a0\u00bb1&Prime; _builder_version=\u00a0\u00bb4.4.1&Prime; width=\u00a0\u00bb60%\u00a0\u00bb module_alignment=\u00a0\u00bbcenter\u00a0\u00bb custom_margin=\u00a0\u00bb0px||||false|false\u00a0\u00bb custom_padding=\u00a0\u00bb0px||11px||false|false\u00a0\u00bb locked=\u00a0\u00bboff\u00a0\u00bb][et_pb_row column_structure=\u00a0\u00bb2_5,3_5&Prime; _builder_version=\u00a0\u00bb4.4.1&Prime; custom_margin=\u00a0\u00bb0px||||false|false\u00a0\u00bb custom_padding=\u00a0\u00bb0px||||false|false\u00a0\u00bb][et_pb_column type=\u00a0\u00bb2_5&Prime; _builder_version=\u00a0\u00bb4.4.1&Prime;][et_pb_image src=\u00a0\u00bbhttps:\/\/glowrehabilita.com\/wp-content\/uploads\/2020\/07\/Glow_1_DSC00112.jpg\u00a0\u00bb title_text=\u00a0\u00bbGlow_1_DSC00112&Prime; _builder_version=\u00a0\u00bb4.4.5&Prime;][\/et_pb_image][\/et_pb_column][et_pb_column type=\u00a0\u00bb3_5&Prime; _builder_version=\u00a0\u00bb4.4.1&Prime;][et_pb_image src=\u00a0\u00bbhttps:\/\/glowrehabilita.com\/wp-content\/uploads\/2020\/07\/Glow_6_DSC00173.jpg\u00a0\u00bb title_text=\u00a0\u00bbGlow_6_DSC00173&Prime; _builder_version=\u00a0\u00bb4.4.5&Prime;][\/et_pb_image][\/et_pb_column][\/et_pb_row][\/et_pb_section][et_pb_section fb_built=\u00a0\u00bb1&Prime; _builder_version=\u00a0\u00bb4.4.5&Prime; width=\u00a0\u00bb60%\u00a0\u00bb module_alignment=\u00a0\u00bbcenter\u00a0\u00bb custom_margin=\u00a0\u00bb0px||||false|false\u00a0\u00bb custom_padding=\u00a0\u00bb0px||60px||false|false\u00a0\u00bb][et_pb_row column_structure=\u00a0\u00bb2_5,3_5&Prime; _builder_version=\u00a0\u00bb4.4.1&Prime; custom_padding=\u00a0\u00bb2px|||||\u00a0\u00bb][et_pb_column type=\u00a0\u00bb2_5&Prime; _builder_version=\u00a0\u00bb4.4.1&Prime;][et_pb_text _builder_version=\u00a0\u00bb4.4.1&Prime;]<\/p>\n<p>Notre \u00e9quipe charg\u00e9e de la r\u00e9alisation des projets comprend des architectes, des ing\u00e9nieurs et des d\u00e9corateurs d\u2019int\u00e9rieur.<\/p>\n<p>Cette structure nous permet de travailler avec une rigueur, une implication et une qualit\u00e9 optimales, dans le respect des d\u00e9lais convenus, pour un r\u00e9sultat final parfait, fruit d\u2019une gestion personnalis\u00e9e des projets, depuis les premi\u00e8res id\u00e9es jusqu\u2019aux derniers d\u00e9tails de fin d\u2019ouvrage..<\/p>\n<p>[\/et_pb_text][\/et_pb_column][et_pb_column type=\u00a0\u00bb3_5&Prime; _builder_version=\u00a0\u00bb4.4.1&Prime;][et_pb_text _builder_version=\u00a0\u00bb4.4.1&Prime;]<\/p>\n<p>Chacun de nos employ\u00e9s et de nos responsables de projet sont hautement qualifi\u00e9s et des sp\u00e9cialistes dans leur domaine. Les valeurs techniques et humaines de notre \u00e9quipe constituent la garantie d\u2019un r\u00e9sultat optimal, ce qui dote notre entreprise d\u2019une haute valeur ajout\u00e9e, car chaque personne impliqu\u00e9e est essentielle pour le bon d\u00e9roulement du processus de r\u00e9novation.<\/p>\n<p>Notre structure nous permet de r\u00e9pondre \u00e0 tout type de demande, tant en espagnol, qu\u2019en catalan, anglais ou fran\u00e7ais.<\/p>\n<p>[\/et_pb_text][\/et_pb_column][\/et_pb_row][\/et_pb_section][et_pb_section fb_built=\u00a0\u00bb1&Prime; _builder_version=\u00a0\u00bb4.4.1&Prime; width=\u00a0\u00bb60%\u00a0\u00bb module_alignment=\u00a0\u00bbcenter\u00a0\u00bb custom_margin=\u00a0\u00bb0px|1px|||false|false\u00a0\u00bb custom_padding=\u00a0\u00bb0px||60px||false|false\u00a0\u00bb locked=\u00a0\u00bboff\u00a0\u00bb][et_pb_row column_structure=\u00a0\u00bb2_5,3_5&Prime; _builder_version=\u00a0\u00bb4.4.1&Prime; custom_margin=\u00a0\u00bb0px||||false|false\u00a0\u00bb custom_padding=\u00a0\u00bb0px||||false|false\u00a0\u00bb][et_pb_column type=\u00a0\u00bb2_5&Prime; _builder_version=\u00a0\u00bb4.4.1&Prime;][et_pb_image src=\u00a0\u00bbhttps:\/\/glowrehabilita.com\/wp-content\/uploads\/2020\/07\/Glow_7_DSC00186.jpg\u00a0\u00bb title_text=\u00a0\u00bbGlow_7_DSC00186&Prime; _builder_version=\u00a0\u00bb4.4.5&Prime;][\/et_pb_image][\/et_pb_column][et_pb_column type=\u00a0\u00bb3_5&Prime; _builder_version=\u00a0\u00bb4.4.1&Prime;][et_pb_image src=\u00a0\u00bbhttps:\/\/glowrehabilita.com\/wp-content\/uploads\/2020\/07\/Glow_2_DSC00127.jpg\u00a0\u00bb title_text=\u00a0\u00bbGlow_2_DSC00127&Prime; _builder_version=\u00a0\u00bb4.4.5&Prime;][\/et_pb_image][et_pb_image src=\u00a0\u00bbhttps:\/\/glowrehabilita.com\/wp-content\/uploads\/2020\/07\/Glow_5_DSC00141.jpg\u00a0\u00bb title_text=\u00a0\u00bbGlow_5_DSC00141&Prime; _builder_version=\u00a0\u00bb4.4.5&Prime;][\/et_pb_image][\/et_pb_column][\/et_pb_row][\/et_pb_section]<\/p>\n","protected":false},"excerpt":{"rendered":"<p>Chez GLOW REHABILITA, nous travaillons pour fournir des solutions concr\u00e8tes, personnalis\u00e9es et adapt\u00e9es aux besoins de nos clients, afin qu\u2019ils soient totalement satisfaits.Notre m\u00e9thode de travail exclusive et personnalis\u00e9e consiste \u00e0 \u00e9tablir d\u00e8s le d\u00e9but une communication fluide avec le client, afin de se mettre d\u2019accord au plus vite sur les travaux \u00e0 ex\u00e9cuter, les [&hellip;]<\/p>\n","protected":false},"author":4,"featured_media":0,"parent":0,"menu_order":0,"comment_status":"closed","ping_status":"closed","template":"","meta":{"_et_pb_use_builder":"on","_et_pb_old_content":"<p>En GLOW REHABILITA trabajamos para dar soluciones concretas, acertadas, personalizadas y ajustadas a las necesidades del cliente, con el fin de obtener la satisfacci\u00f3n total de nuestros de clientes.<\/p><p>Nuestro m\u00e9todo exclusivo y personalizado de trabajo, consiste en establecer un hilo de comunicaci\u00f3n inicial, donde desde el primer contacto con el cliente, se consensuan los trabajos a ejecutar, los materiales a utilizar, etc., hasta el final y entrega de obra, dando como resultado un presupuesto que se ajuste a sus necesidades y expectativas.<\/p><p>En nuestros m\u00e1s de 10 a\u00f1os de experiencia nos hemos especializado en proyectos de interiorismo, rehabilitaci\u00f3n y reforma integral, de todo tipo de viviendas, oficinas y locales comerciales.<\/p><p>Nuestro equipo responsable de proyectos, est\u00e1 compuesto, por arquitectos e interioristas.<\/p><p>Adaptamos un u otro director para cada tipo y necesidad de obra, todo ello adem\u00e1s supervisado por el director general de Rehabilitaciones y Reformas. Esta estructura es la que nos permite obtener un resultado final, realizado con la m\u00e1xima seriedad, imaginaci\u00f3n, compromiso, calidad y siempre en el plazo acordado, fruto de una direcci\u00f3n de obra personalizado, desde las primeras ideas hasta los \u00faltimos detalles del final de obra.<\/p><p>Todos y cada uno de nuestros operarios y directores de proyecto, est\u00e1n altamente cualificados y son especialistas en su profesi\u00f3n. Los valores t\u00e9cnicos y humanos de nuestro equipo, garantizan un resultado \u00f3ptimo, aportando un gran valor a\u00f1adido a nuestra empresa, siendo todos ellos, piezas clave para el buen funcionamiento de todo el proceso de reforma.<\/p><p>Nuestra estructura nos permite poder dar soluci\u00f3n a cualquier tipo de proyecto, tanto en Castellano, Catal\u00e1n, Ingl\u00e9s o en Franc\u00e9s.<\/p>","_et_gb_content_width":"","inline_featured_image":false,"footnotes":""},"class_list":["post-27519","page","type-page","status-publish","hentry"],"_links":{"self":[{"href":"https:\/\/glowrehabilita.com\/fr\/wp-json\/wp\/v2\/pages\/27519","targetHints":{"allow":["GET"]}}],"collection":[{"href":"https:\/\/glowrehabilita.com\/fr\/wp-json\/wp\/v2\/pages"}],"about":[{"href":"https:\/\/glowrehabilita.com\/fr\/wp-json\/wp\/v2\/types\/page"}],"author":[{"embeddable":true,"href":"https:\/\/glowrehabilita.com\/fr\/wp-json\/wp\/v2\/users\/4"}],"replies":[{"embeddable":true,"href":"https:\/\/glowrehabilita.com\/fr\/wp-json\/wp\/v2\/comments?post=27519"}],"version-history":[{"count":24,"href":"https:\/\/glowrehabilita.com\/fr\/wp-json\/wp\/v2\/pages\/27519\/revisions"}],"predecessor-version":[{"id":33503,"href":"https:\/\/glowrehabilita.com\/fr\/wp-json\/wp\/v2\/pages\/27519\/revisions\/33503"}],"wp:attachment":[{"href":"https:\/\/glowrehabilita.com\/fr\/wp-json\/wp\/v2\/media?parent=27519"}],"curies":[{"name":"wp","href":"https:\/\/api.w.org\/{rel}","templated":true}]}}