{"id":27296,"date":"2016-11-01T19:57:15","date_gmt":"2016-11-01T19:57:15","guid":{"rendered":"https:\/\/www.glowrehabilita.com\/?page_id=27296"},"modified":"2020-08-01T07:14:49","modified_gmt":"2020-08-01T07:14:49","slug":"company","status":"publish","type":"page","link":"https:\/\/glowrehabilita.com\/en\/company\/","title":{"rendered":"Company"},"content":{"rendered":"<p>[et_pb_section fb_built=&#8221;1&#8243; _builder_version=&#8221;4.4.1&#8243; width=&#8221;60%&#8221; module_alignment=&#8221;center&#8221; custom_padding=&#8221;||30px|||&#8221;][et_pb_row column_structure=&#8221;2_5,3_5&#8243; _builder_version=&#8221;3.25&#8243; background_size=&#8221;initial&#8221; background_position=&#8221;top_left&#8221; background_repeat=&#8221;repeat&#8221;][et_pb_column type=&#8221;2_5&#8243; _builder_version=&#8221;3.25&#8243; custom_padding=&#8221;|||&#8221; custom_padding__hover=&#8221;|||&#8221;][\/et_pb_column][et_pb_column type=&#8221;3_5&#8243; _builder_version=&#8221;3.25&#8243; custom_padding=&#8221;|||&#8221; custom_padding__hover=&#8221;|||&#8221;][et_pb_image src=&#8221;https:\/\/www.glowrehabilita.com\/wp-content\/uploads\/2020\/03\/Cuina-Sant-Cugat-35.jpg&#8221; _builder_version=&#8221;4.4.1&#8243;][\/et_pb_image][et_pb_text admin_label=&#8221;Texto&#8221; _builder_version=&#8221;4.4.1&#8243; text_font_size=&#8221;1px&#8221; text_line_height=&#8221;1em&#8221; header_4_font=&#8221;||||||||&#8221; header_4_text_align=&#8221;left&#8221; header_4_text_color=&#8221;#5f6062&#8243; header_4_font_size=&#8221;22px&#8221; header_4_line_height=&#8221;1.5em&#8221; background_layout=&#8221;dark&#8221;]<\/p>\n<h4>GLOW Restoration works to provide specific, customised solutions that cover our clients\u2019 needs for total customer satisfaction.<\/h4>\n<p>[\/et_pb_text][et_pb_text _builder_version=&#8221;4.4.1&#8243; header_line_height=&#8221;1.1em&#8221; background_size=&#8221;initial&#8221; background_position=&#8221;top_left&#8221; background_repeat=&#8221;repeat&#8221; custom_margin=&#8221;||15px||false|false&#8221;]Our exclusive, personalised work method consists of an initial briefing period, liaising with the client, agreeing upon the work to be done, materials etc., until final delivery of the work according to a budget that meets your needs and expectations.[\/et_pb_text][\/et_pb_column][\/et_pb_row][et_pb_row column_structure=&#8221;2_3,1_3&#8243; use_custom_gutter=&#8221;on&#8221; _builder_version=&#8221;4.4.1&#8243; background_enable_image=&#8221;off&#8221; background_size=&#8221;contain&#8221; background_position=&#8221;top_left&#8221; custom_padding=&#8221;0px||0px||false|false&#8221;][et_pb_column type=&#8221;2_3&#8243; _builder_version=&#8221;4.4.1&#8243; background_image=&#8221;https:\/\/www.glowrehabilita.com\/wp-content\/uploads\/2020\/02\/paper-pintat-2020.jpg&#8221; custom_padding=&#8221;|||&#8221; custom_padding__hover=&#8221;|||&#8221;][et_pb_image src=&#8221;https:\/\/www.glowrehabilita.com\/wp-content\/uploads\/2019\/11\/Glow_Blanche_cuina_029.jpg&#8221; _builder_version=&#8221;4.4.1&#8243;][\/et_pb_image][\/et_pb_column][et_pb_column type=&#8221;1_3&#8243; _builder_version=&#8221;4.4.1&#8243; transform_translate=&#8221;-10vw|-2vw&#8221; transform_translate_linked=&#8221;off&#8221; custom_padding=&#8221;100px||100px||false|false&#8221; custom_padding__hover=&#8221;|||&#8221;][et_pb_text _builder_version=&#8221;4.4.1&#8243; header_line_height=&#8221;1.1em&#8221; background_color=&#8221;#ffffff&#8221; background_size=&#8221;initial&#8221; background_position=&#8221;top_left&#8221; background_repeat=&#8221;repeat&#8221; width=&#8221;100%&#8221; custom_margin=&#8221;0px||80px||false|false&#8221; custom_padding=&#8221;60px|10px|60px|60px|false|false&#8221;]<\/p>\n<p>We have been specialising in all types of interior design, renovation and refurbishment for more than 20 years, transforming homes, offices and premises.<\/p>\n<p>[\/et_pb_text][\/et_pb_column][\/et_pb_row][\/et_pb_section][et_pb_section fb_built=&#8221;1&#8243; _builder_version=&#8221;4.4.1&#8243; width=&#8221;60%&#8221; module_alignment=&#8221;center&#8221; custom_margin=&#8221;0px||||false|false&#8221; custom_padding=&#8221;0px||11px||false|false&#8221; locked=&#8221;off&#8221;][et_pb_row _builder_version=&#8221;4.4.1&#8243; custom_margin=&#8221;0px||||false|false&#8221; custom_padding=&#8221;0px||||false|false&#8221;][et_pb_column type=&#8221;4_4&#8243; _builder_version=&#8221;4.4.1&#8243;][et_pb_image src=&#8221;https:\/\/glowrehabilita.com\/wp-content\/uploads\/2020\/07\/Glow_3_DSC00133.jpg&#8221; title_text=&#8221;Glow_3_DSC00133&#8243; _builder_version=&#8221;4.4.5&#8243;][\/et_pb_image][\/et_pb_column][\/et_pb_row][\/et_pb_section][et_pb_section fb_built=&#8221;1&#8243; _builder_version=&#8221;4.4.1&#8243; width=&#8221;60%&#8221; module_alignment=&#8221;center&#8221; custom_margin=&#8221;0px||||false|false&#8221; custom_padding=&#8221;0px||11px||false|false&#8221; locked=&#8221;off&#8221;][et_pb_row column_structure=&#8221;2_5,3_5&#8243; _builder_version=&#8221;4.4.1&#8243; custom_margin=&#8221;0px||||false|false&#8221; custom_padding=&#8221;0px||||false|false&#8221;][et_pb_column type=&#8221;2_5&#8243; _builder_version=&#8221;4.4.1&#8243;][et_pb_image src=&#8221;https:\/\/glowrehabilita.com\/wp-content\/uploads\/2020\/07\/Glow_1_DSC00112.jpg&#8221; title_text=&#8221;Glow_1_DSC00112&#8243; _builder_version=&#8221;4.4.5&#8243;][\/et_pb_image][\/et_pb_column][et_pb_column type=&#8221;3_5&#8243; _builder_version=&#8221;4.4.1&#8243;][et_pb_image src=&#8221;https:\/\/glowrehabilita.com\/wp-content\/uploads\/2020\/07\/Glow_6_DSC00173.jpg&#8221; title_text=&#8221;Glow_6_DSC00173&#8243; _builder_version=&#8221;4.4.5&#8243;][\/et_pb_image][\/et_pb_column][\/et_pb_row][\/et_pb_section][et_pb_section fb_built=&#8221;1&#8243; _builder_version=&#8221;4.4.5&#8243; width=&#8221;60%&#8221; module_alignment=&#8221;center&#8221; min_height=&#8221;244px&#8221; custom_margin=&#8221;0px||||false|false&#8221; custom_padding=&#8221;0px||60px||false|false&#8221;][et_pb_row column_structure=&#8221;2_5,3_5&#8243; _builder_version=&#8221;4.4.1&#8243; custom_padding=&#8221;2px|||||&#8221;][et_pb_column type=&#8221;2_5&#8243; _builder_version=&#8221;4.4.1&#8243;][et_pb_text _builder_version=&#8221;4.4.1&#8243;]<\/p>\n<p>Our project team consists of architects, engineers and interior designers.<\/p>\n<p>This structure enables us to obtain a final result based on rigour, commitment, high quality and compliance with deadlines. All supported by personalised works management, starting with initial ideas to the final details of the work.<\/p>\n<p>[\/et_pb_text][\/et_pb_column][et_pb_column type=&#8221;3_5&#8243; _builder_version=&#8221;4.4.1&#8243;][et_pb_text _builder_version=&#8221;4.4.1&#8243;]<\/p>\n<p>All our workers and project supervisors are highly qualified and experts in their professions. Our teams\u00b4 technical and human qualifies guarantee an optimal result, contributing great value to our company. All of them are essential to the smooth operation of the renovations we undertake.<\/p>\n<p>Our structure enables us to offer answers to any type of project in Spanish, Catalan, English and French..<\/p>\n<p>[\/et_pb_text][\/et_pb_column][\/et_pb_row][\/et_pb_section][et_pb_section fb_built=&#8221;1&#8243; _builder_version=&#8221;4.4.1&#8243; width=&#8221;60%&#8221; module_alignment=&#8221;center&#8221; custom_margin=&#8221;0px|1px|||false|false&#8221; custom_padding=&#8221;0px||60px||false|false&#8221; locked=&#8221;off&#8221;][et_pb_row column_structure=&#8221;2_5,3_5&#8243; _builder_version=&#8221;4.4.1&#8243; custom_margin=&#8221;0px||||false|false&#8221; custom_padding=&#8221;0px||||false|false&#8221;][et_pb_column type=&#8221;2_5&#8243; _builder_version=&#8221;4.4.1&#8243;][et_pb_image src=&#8221;https:\/\/glowrehabilita.com\/wp-content\/uploads\/2020\/07\/Glow_7_DSC00186.jpg&#8221; title_text=&#8221;Glow_7_DSC00186&#8243; _builder_version=&#8221;4.4.5&#8243;][\/et_pb_image][\/et_pb_column][et_pb_column type=&#8221;3_5&#8243; _builder_version=&#8221;4.4.1&#8243;][et_pb_image src=&#8221;https:\/\/glowrehabilita.com\/wp-content\/uploads\/2020\/07\/Glow_2_DSC00127.jpg&#8221; title_text=&#8221;Glow_2_DSC00127&#8243; _builder_version=&#8221;4.4.5&#8243;][\/et_pb_image][et_pb_image src=&#8221;https:\/\/glowrehabilita.com\/wp-content\/uploads\/2020\/07\/Glow_5_DSC00141.jpg&#8221; title_text=&#8221;Glow_5_DSC00141&#8243; _builder_version=&#8221;4.4.5&#8243;][\/et_pb_image][\/et_pb_column][\/et_pb_row][\/et_pb_section]<\/p>\n","protected":false},"excerpt":{"rendered":"<p>GLOW Restoration works to provide specific, customised solutions that cover our clients\u2019 needs for total customer satisfaction.Our exclusive, personalised work method consists of an initial briefing period, liaising with the client, agreeing upon the work to be done, materials etc., until final delivery of the work according to a budget that meets your needs and [&hellip;]<\/p>\n","protected":false},"author":4,"featured_media":0,"parent":0,"menu_order":0,"comment_status":"closed","ping_status":"closed","template":"","meta":{"_et_pb_use_builder":"on","_et_pb_old_content":"<p>En GLOW REHABILITA trabajamos para dar soluciones concretas, acertadas, personalizadas y ajustadas a las necesidades del cliente, con el fin de obtener la satisfacci\u00f3n total de nuestros de clientes.<\/p><p>Nuestro m\u00e9todo exclusivo y personalizado de trabajo, consiste en establecer un hilo de comunicaci\u00f3n inicial, donde desde el primer contacto con el cliente, se consensuan los trabajos a ejecutar, los materiales a utilizar, etc., hasta el final y entrega de obra, dando como resultado un presupuesto que se ajuste a sus necesidades y expectativas.<\/p><p>En nuestros m\u00e1s de 10 a\u00f1os de experiencia nos hemos especializado en proyectos de interiorismo, rehabilitaci\u00f3n y reforma integral, de todo tipo de viviendas, oficinas y locales comerciales.<\/p><p>Nuestro equipo responsable de proyectos, est\u00e1 compuesto, por arquitectos e interioristas.<\/p><p>Adaptamos un u otro director para cada tipo y necesidad de obra, todo ello adem\u00e1s supervisado por el director general de Rehabilitaciones y Reformas. Esta estructura es la que nos permite obtener un resultado final, realizado con la m\u00e1xima seriedad, imaginaci\u00f3n, compromiso, calidad y siempre en el plazo acordado, fruto de una direcci\u00f3n de obra personalizado, desde las primeras ideas hasta los \u00faltimos detalles del final de obra.<\/p><p>Todos y cada uno de nuestros operarios y directores de proyecto, est\u00e1n altamente cualificados y son especialistas en su profesi\u00f3n. Los valores t\u00e9cnicos y humanos de nuestro equipo, garantizan un resultado \u00f3ptimo, aportando un gran valor a\u00f1adido a nuestra empresa, siendo todos ellos, piezas clave para el buen funcionamiento de todo el proceso de reforma.<\/p><p>Nuestra estructura nos permite poder dar soluci\u00f3n a cualquier tipo de proyecto, tanto en Castellano, Catal\u00e1n, Ingl\u00e9s o en Franc\u00e9s.<\/p>","_et_gb_content_width":"","inline_featured_image":false,"footnotes":""},"class_list":["post-27296","page","type-page","status-publish","hentry"],"_links":{"self":[{"href":"https:\/\/glowrehabilita.com\/en\/wp-json\/wp\/v2\/pages\/27296","targetHints":{"allow":["GET"]}}],"collection":[{"href":"https:\/\/glowrehabilita.com\/en\/wp-json\/wp\/v2\/pages"}],"about":[{"href":"https:\/\/glowrehabilita.com\/en\/wp-json\/wp\/v2\/types\/page"}],"author":[{"embeddable":true,"href":"https:\/\/glowrehabilita.com\/en\/wp-json\/wp\/v2\/users\/4"}],"replies":[{"embeddable":true,"href":"https:\/\/glowrehabilita.com\/en\/wp-json\/wp\/v2\/comments?post=27296"}],"version-history":[{"count":21,"href":"https:\/\/glowrehabilita.com\/en\/wp-json\/wp\/v2\/pages\/27296\/revisions"}],"predecessor-version":[{"id":33500,"href":"https:\/\/glowrehabilita.com\/en\/wp-json\/wp\/v2\/pages\/27296\/revisions\/33500"}],"wp:attachment":[{"href":"https:\/\/glowrehabilita.com\/en\/wp-json\/wp\/v2\/media?parent=27296"}],"curies":[{"name":"wp","href":"https:\/\/api.w.org\/{rel}","templated":true}]}}