{"id":29672,"date":"2019-05-09T15:47:32","date_gmt":"2019-05-09T15:47:32","guid":{"rendered":"https:\/\/www.glowrehabilita.com\/politica-de-privacidad\/"},"modified":"2025-10-04T17:49:13","modified_gmt":"2025-10-04T17:49:13","slug":"politica-de-privacitat","status":"publish","type":"page","link":"https:\/\/glowrehabilita.com\/ca\/politica-de-privacitat\/","title":{"rendered":"Pol\u00edtica de privacitat"},"content":{"rendered":"<p>[et_pb_section fb_built=&#8221;1&#8243; _builder_version=&#8221;4.16&#8243; global_colors_info=&#8221;{}&#8221;][et_pb_row _builder_version=&#8221;4.16&#8243; background_size=&#8221;initial&#8221; background_position=&#8221;top_left&#8221; background_repeat=&#8221;repeat&#8221; global_colors_info=&#8221;{}&#8221;][et_pb_column type=&#8221;4_4&#8243; _builder_version=&#8221;4.16&#8243; custom_padding=&#8221;|||&#8221; global_colors_info=&#8221;{}&#8221; custom_padding__hover=&#8221;|||&#8221;][et_pb_text _builder_version=&#8221;4.16&#8243; global_colors_info=&#8221;{}&#8221;]<\/p>\n<h2>Pol\u00edtica de privacitat<\/h2>\n<p>D&#8217;acord amb la Llei org\u00e0nica 15\/1999, de 13 de desembre, de Protecci\u00f3 de Dades de Car\u00e0cter Personal, ho informem que les seves dades seran introdu\u00efdes en un fitxer titularitat de&nbsp;GLOW REHABILITA, SLU amb domicili en Pl. Ausias March no 1 2o 4a (Sant Cugat del Vall\u00e8s) amb n\u00famero de CIF B65755332, amb la finalitat de ser acreditat com a contacte de GLOW REHABILITA, SLU i poder prestar-li els serveis que vost\u00e8 sol\u00b7liciti.<\/p>\n<p>Podr\u00e0 exercir els drets d&#8217;acc\u00e9s, rectificaci\u00f3, cancel\u00b7laci\u00f3 i oposici\u00f3 al tractament de dades de car\u00e0cter personal mitjan\u00e7ant un enviament de correu electr\u00f2nic a l&#8217;adre\u00e7a: <a href=\"mailto:admin@glowrehabilita.com\">admin@glowrehabilita.com<\/a>, indicant la referencia \u201cprotecci\u00f3 de dades\u201d i acompanyant la sol\u00b7licitud d&#8217;un document acreditatiu de la seva identitat.<\/p>\n<p>En el sup\u00f2sit en qu\u00e8 vost\u00e8 autoritzi a GLOW REHABILITA SLU a enviar per correu electr\u00f2nic comunicacions l&#8217;informem que les seves dades seran introdu\u00efdes en un fitxer de la nostra titularitat, amb la finalitat d&#8217;enviar informaci\u00f3 sobre les nostres activitats i serveis, a trav\u00e9s de qualsevol mitj\u00e0 de comunicaci\u00f3 electr\u00f2nic o no.<\/p>\n<p>En qualsevol moment podr\u00e0 cancel\u00b7lar la seva autoritzaci\u00f3 enviant un correu electr\u00f2nic a l&#8217;adre\u00e7a: <a href=\"mailto:admin@glowrehabilita.com\">admin@glowrehabilita.com<\/a> sol\u00b7licitant la baixa d&#8217;aquest servei.<br \/>\n[\/et_pb_text][\/et_pb_column][\/et_pb_row][\/et_pb_section]<\/p>\n","protected":false},"excerpt":{"rendered":"<p>Pol\u00edtica de privacitat D&#8217;acord amb la Llei org\u00e0nica 15\/1999, de 13 de desembre, de Protecci\u00f3 de Dades de Car\u00e0cter Personal, ho informem que les seves dades seran introdu\u00efdes en un fitxer titularitat de&nbsp;GLOW REHABILITA, SLU amb domicili en Pl. Ausias March no 1 2o 4a (Sant Cugat del Vall\u00e8s) amb n\u00famero de CIF B65755332, amb [&hellip;]<\/p>\n","protected":false},"author":4,"featured_media":0,"parent":0,"menu_order":0,"comment_status":"closed","ping_status":"closed","template":"","meta":{"_et_pb_use_builder":"on","_et_pb_old_content":"","_et_gb_content_width":"","inline_featured_image":false,"footnotes":""},"class_list":["post-29672","page","type-page","status-publish","hentry"],"_links":{"self":[{"href":"https:\/\/glowrehabilita.com\/ca\/wp-json\/wp\/v2\/pages\/29672","targetHints":{"allow":["GET"]}}],"collection":[{"href":"https:\/\/glowrehabilita.com\/ca\/wp-json\/wp\/v2\/pages"}],"about":[{"href":"https:\/\/glowrehabilita.com\/ca\/wp-json\/wp\/v2\/types\/page"}],"author":[{"embeddable":true,"href":"https:\/\/glowrehabilita.com\/ca\/wp-json\/wp\/v2\/users\/4"}],"replies":[{"embeddable":true,"href":"https:\/\/glowrehabilita.com\/ca\/wp-json\/wp\/v2\/comments?post=29672"}],"version-history":[{"count":6,"href":"https:\/\/glowrehabilita.com\/ca\/wp-json\/wp\/v2\/pages\/29672\/revisions"}],"predecessor-version":[{"id":987511042,"href":"https:\/\/glowrehabilita.com\/ca\/wp-json\/wp\/v2\/pages\/29672\/revisions\/987511042"}],"wp:attachment":[{"href":"https:\/\/glowrehabilita.com\/ca\/wp-json\/wp\/v2\/media?parent=29672"}],"curies":[{"name":"wp","href":"https:\/\/api.w.org\/{rel}","templated":true}]}}