{"id":28679,"date":"2018-10-29T12:05:31","date_gmt":"2018-10-29T12:05:31","guid":{"rendered":"https:\/\/www.glowrehabilita.com\/?page_id=28679"},"modified":"2023-04-13T08:45:09","modified_gmt":"2023-04-13T08:45:09","slug":"home","status":"publish","type":"page","link":"https:\/\/glowrehabilita.com\/ca\/home\/","title":{"rendered":"Home"},"content":{"rendered":"<p>[et_pb_section fb_built=&#8221;1&#8243; _builder_version=&#8221;4.4.1&#8243;][et_pb_row column_structure=&#8221;2_5,3_5&#8243; _builder_version=&#8221;4.4.1&#8243; custom_margin=&#8221;||100px||false|false&#8221; custom_margin_tablet=&#8221;||80px||false|false&#8221; custom_margin_phone=&#8221;||80px||false|false&#8221; custom_margin_last_edited=&#8221;on|phone&#8221;][et_pb_column type=&#8221;2_5&#8243; _builder_version=&#8221;4.4.1&#8243;][\/et_pb_column][et_pb_column type=&#8221;3_5&#8243; _builder_version=&#8221;4.4.1&#8243;][et_pb_text _builder_version=&#8221;4.4.1&#8243; header_font=&#8221;|||on|||||&#8221; header_text_align=&#8221;left&#8221;]<\/p>\n<h1>Home<\/h1>\n<p>[\/et_pb_text][et_pb_text _builder_version=&#8221;4.4.1&#8243; header_font=&#8221;|||on|||||&#8221; header_text_align=&#8221;left&#8221; hover_enabled=&#8221;0&#8243;]<\/p>\n<p>Realitzem Projectes d\u2019Interiorisme i Arquitectura.<\/p>\n<p>Proposem un servei integral i claus en m\u00e0, en projectes d\u2019interiors de qualsevol tipus d\u2019habitatge. Des de l\u2019inici, el departament t\u00e8cnic elabora els pl\u00e0nols t\u00e8cnics i els renders en 3D, tan necessaris per a la perfecta previsualitzaci\u00f3 del resultat final i per a la validaci\u00f3 definitiva del projecte.<\/p>\n<p>[\/et_pb_text][et_pb_image src=&#8221;https:\/\/glowrehabilita.com\/wp-content\/uploads\/2018\/11\/PROYECTO-INGRID-Glow_Rehabilita.jpg&#8221; align_tablet=&#8221;center&#8221; align_phone=&#8221;&#8221; align_last_edited=&#8221;on|desktop&#8221; admin_label=&#8221;Imagen HOME&#8221; _builder_version=&#8221;4.4.1&#8243; custom_margin=&#8221;||||false|false&#8221;]&nbsp;<br \/>\n[\/et_pb_image][\/et_pb_column][\/et_pb_row][et_pb_row column_structure=&#8221;1_4,3_4&#8243; use_custom_gutter=&#8221;on&#8221; gutter_width=&#8221;2&#8243; _builder_version=&#8221;4.4.1&#8243;][et_pb_column type=&#8221;1_4&#8243; _builder_version=&#8221;4.4.1&#8243;][\/et_pb_column][et_pb_column type=&#8221;3_4&#8243; _builder_version=&#8221;4.4.1&#8243;][et_pb_blog fullwidth=&#8221;off&#8221; posts_number=&#8221;4&#8243; include_categories=&#8221;77&#8243; show_author=&#8221;off&#8221; show_date=&#8221;off&#8221; show_categories=&#8221;off&#8221; show_excerpt=&#8221;off&#8221; show_pagination=&#8221;off&#8221; use_overlay=&#8221;on&#8221; overlay_icon_color=&#8221;rgba(0,0,0,0)&#8221; hover_overlay_color=&#8221;rgba(0,0,0,0.7)&#8221; module_id=&#8221;bloc_projectes&#8221; _builder_version=&#8221;4.4.1&#8243; header_font=&#8221;|||on|||||&#8221; header_text_color=&#8221;#ffffff&#8221; header_font_size=&#8221;1.3em&#8221; header_line_height=&#8221;1.2em&#8221; locked=&#8221;off&#8221;][\/et_pb_blog][\/et_pb_column][\/et_pb_row][\/et_pb_section]<\/p>\n","protected":false},"excerpt":{"rendered":"<p>HomeRealitzem Projectes d\u2019Interiorisme i Arquitectura. Proposem un servei integral i claus en m\u00e0, en projectes d\u2019interiors de qualsevol tipus d\u2019habitatge. Des de l\u2019inici, el departament t\u00e8cnic elabora els pl\u00e0nols t\u00e8cnics i els renders en 3D, tan necessaris per a la perfecta previsualitzaci\u00f3 del resultat final i per a la validaci\u00f3 definitiva del projecte.&nbsp;<\/p>\n","protected":false},"author":4,"featured_media":0,"parent":0,"menu_order":0,"comment_status":"closed","ping_status":"closed","template":"","meta":{"_et_pb_use_builder":"on","_et_pb_old_content":"Proyectos de Interiorismo.\r\n\r\nProyectos integrales de reformas en viviendas.\r\n\r\nProyectos Integrales de Locales comerciales y oficinas (Legalizaci\u00f3n,obtenci\u00f3n de licencias de apertura, llaves en mano )\r\n\r\nRehabilitaci\u00f3n de fachadas.\r\n\r\nMantenimientos integrales.","_et_gb_content_width":"","inline_featured_image":false,"footnotes":""},"class_list":["post-28679","page","type-page","status-publish","hentry"],"_links":{"self":[{"href":"https:\/\/glowrehabilita.com\/ca\/wp-json\/wp\/v2\/pages\/28679","targetHints":{"allow":["GET"]}}],"collection":[{"href":"https:\/\/glowrehabilita.com\/ca\/wp-json\/wp\/v2\/pages"}],"about":[{"href":"https:\/\/glowrehabilita.com\/ca\/wp-json\/wp\/v2\/types\/page"}],"author":[{"embeddable":true,"href":"https:\/\/glowrehabilita.com\/ca\/wp-json\/wp\/v2\/users\/4"}],"replies":[{"embeddable":true,"href":"https:\/\/glowrehabilita.com\/ca\/wp-json\/wp\/v2\/comments?post=28679"}],"version-history":[{"count":13,"href":"https:\/\/glowrehabilita.com\/ca\/wp-json\/wp\/v2\/pages\/28679\/revisions"}],"predecessor-version":[{"id":37885,"href":"https:\/\/glowrehabilita.com\/ca\/wp-json\/wp\/v2\/pages\/28679\/revisions\/37885"}],"wp:attachment":[{"href":"https:\/\/glowrehabilita.com\/ca\/wp-json\/wp\/v2\/media?parent=28679"}],"curies":[{"name":"wp","href":"https:\/\/api.w.org\/{rel}","templated":true}]}}