{"id":28288,"date":"2018-07-24T08:43:44","date_gmt":"2018-07-24T08:43:44","guid":{"rendered":"https:\/\/www.glowrehabilita.com\/?page_id=28288"},"modified":"2026-03-17T10:05:00","modified_gmt":"2026-03-17T10:05:00","slug":"com-treballem","status":"publish","type":"page","link":"https:\/\/glowrehabilita.com\/ca\/com-treballem\/","title":{"rendered":"Com treballem"},"content":{"rendered":"<p>[et_pb_section fb_built=&#8221;1&#8243; _builder_version=&#8221;4.16&#8243; module_alignment=&#8221;center&#8221; custom_padding=&#8221;||0px||false|false&#8221; locked=&#8221;off&#8221; global_colors_info=&#8221;{}&#8221;][et_pb_row column_structure=&#8221;2_5,3_5&#8243; use_custom_gutter=&#8221;on&#8221; gutter_width=&#8221;2&#8243; make_equal=&#8221;on&#8221; _builder_version=&#8221;4.16&#8243; background_enable_color=&#8221;off&#8221; background_size=&#8221;initial&#8221; background_position=&#8221;top_left&#8221; background_repeat=&#8221;repeat&#8221; width=&#8221;100%&#8221; custom_padding=&#8221;||15px||false|false&#8221; global_colors_info=&#8221;{}&#8221;][et_pb_column type=&#8221;2_5&#8243; _builder_version=&#8221;4.16&#8243; background_color=&#8221;#eeeeee&#8221; custom_padding=&#8221;70px|30px|70px|30px|false|false&#8221; global_colors_info=&#8221;{}&#8221; custom_padding__hover=&#8221;|||&#8221;][et_pb_text admin_label=&#8221;Texto&#8221; _builder_version=&#8221;4.16&#8243; text_font_size=&#8221;1px&#8221; text_line_height=&#8221;1em&#8221; header_4_font=&#8221;||||||||&#8221; header_4_text_align=&#8221;left&#8221; header_4_text_color=&#8221;#5f6062&#8243; header_4_font_size=&#8221;22px&#8221; header_4_line_height=&#8221;1.5em&#8221; background_color=&#8221;#eeeeee&#8221; background_layout=&#8221;dark&#8221; global_colors_info=&#8221;{}&#8221;]<\/p>\n<h4>Realitzem Projectes d\u2019Interiorisme i Arquitectura.<\/h4>\n<p>[\/et_pb_text][et_pb_divider color=&#8221;#5f6062&#8243; _builder_version=&#8221;4.16&#8243; width=&#8221;10%&#8221; min_height=&#8221;0px&#8221; custom_margin=&#8221;||60px||false|false&#8221; locked=&#8221;off&#8221; global_colors_info=&#8221;{}&#8221;][\/et_pb_divider][et_pb_text admin_label=&#8221;Texto&#8221; _builder_version=&#8221;4.16&#8243; text_font_size=&#8221;1px&#8221; text_line_height=&#8221;1em&#8221; header_4_font=&#8221;||||||||&#8221; header_4_text_align=&#8221;left&#8221; header_4_text_color=&#8221;#5f6062&#8243; header_4_font_size=&#8221;16px&#8221; header_4_line_height=&#8221;1.5em&#8221; background_color=&#8221;#eeeeee&#8221; background_layout=&#8221;dark&#8221; global_colors_info=&#8221;{}&#8221;]<\/p>\n<h4>Proposem un servei integral i claus en m\u00e0, en projectes i reformes d\u2019interiors de qualsevol mena d\u2019habitatge o local comercial.<\/h4>\n<p>[\/et_pb_text][\/et_pb_column][et_pb_column type=&#8221;3_5&#8243; _builder_version=&#8221;4.16&#8243; custom_padding=&#8221;|||&#8221; global_colors_info=&#8221;{}&#8221; custom_padding__hover=&#8221;|||&#8221;][et_pb_image src=&#8221;https:\/\/glowrehabilita.com\/wp-content\/uploads\/2020\/03\/Cuina-Sant-Cugat-34.jpg&#8221; admin_label=&#8221;Imagen&#8221; _builder_version=&#8221;4.16&#8243; global_colors_info=&#8221;{}&#8221;][\/et_pb_image][\/et_pb_column][\/et_pb_row][\/et_pb_section][et_pb_section fb_built=&#8221;1&#8243; _builder_version=&#8221;4.16&#8243; custom_padding=&#8221;0px||0px||false|false&#8221; global_colors_info=&#8221;{}&#8221;][et_pb_row column_structure=&#8221;1_4,1_4,1_2&#8243; use_custom_gutter=&#8221;on&#8221; gutter_width=&#8221;2&#8243; make_equal=&#8221;on&#8221; _builder_version=&#8221;4.16&#8243; background_enable_color=&#8221;off&#8221; background_size=&#8221;initial&#8221; background_position=&#8221;top_left&#8221; background_repeat=&#8221;repeat&#8221; width=&#8221;100%&#8221; custom_margin=&#8221;||||false|false&#8221; custom_padding=&#8221;20px||||false|false&#8221; global_colors_info=&#8221;{}&#8221;][et_pb_column type=&#8221;1_4&#8243; _builder_version=&#8221;4.16&#8243; global_colors_info=&#8221;{}&#8221;][\/et_pb_column][et_pb_column type=&#8221;1_4&#8243; _builder_version=&#8221;4.16&#8243; global_colors_info=&#8221;{}&#8221;][et_pb_image src=&#8221;https:\/\/glowrehabilita.com\/wp-content\/uploads\/2019\/11\/Glow_Blanche_cuina_043.jpg&#8221; _builder_version=&#8221;4.16&#8243; scroll_fade_enable=&#8221;on&#8221; scroll_fade=&#8221;0|50|50|100|0%|100|100&#8243; scroll_scaling=&#8221;20|50|50|100|70|100|100&#8243; motion_trigger_start=&#8221;top&#8221; global_colors_info=&#8221;{}&#8221;][\/et_pb_image][\/et_pb_column][et_pb_column type=&#8221;1_2&#8243; _builder_version=&#8221;4.16&#8243; global_colors_info=&#8221;{}&#8221;][et_pb_text _builder_version=&#8221;4.16&#8243; global_colors_info=&#8221;{}&#8221;]<strong>VISITA<\/strong>[\/et_pb_text][et_pb_divider color=&#8221;#5f6062&#8243; _builder_version=&#8221;4.16&#8243; width=&#8221;10%&#8221; min_height=&#8221;0px&#8221; custom_margin=&#8221;||60px||false|false&#8221; locked=&#8221;off&#8221; global_colors_info=&#8221;{}&#8221;][\/et_pb_divider][et_pb_text _builder_version=&#8221;4.16&#8243; global_colors_info=&#8221;{}&#8221;]En una primera reuni\u00f3, parlarem personalment per entendre qu\u00e8 \u00e9s el que necessites i compartir impressions. Ens prendrem el temps necessari per impregnar-nos de les idees i gustos que tens en ment, d\u2019aquesta manera, el projecte resultant ser\u00e0 totalment personal i \u00fanic.<\/p>\n<p>A continuaci\u00f3, farem una visita a l\u2019espai per prendre mesures, fer esbo\u00e7os i les anotacions necess\u00e0ries per poder desenvolupar el projecte.[\/et_pb_text][\/et_pb_column][\/et_pb_row][\/et_pb_section][et_pb_section fb_built=&#8221;1&#8243; _builder_version=&#8221;4.16&#8243; custom_padding=&#8221;0px||0px||false|false&#8221; global_colors_info=&#8221;{}&#8221;][et_pb_row column_structure=&#8221;1_4,1_4,1_2&#8243; use_custom_gutter=&#8221;on&#8221; gutter_width=&#8221;2&#8243; make_equal=&#8221;on&#8221; _builder_version=&#8221;4.16&#8243; background_enable_color=&#8221;off&#8221; background_size=&#8221;initial&#8221; background_position=&#8221;top_left&#8221; background_repeat=&#8221;repeat&#8221; width=&#8221;100%&#8221; custom_margin=&#8221;||||false|false&#8221; custom_padding=&#8221;20px||||false|false&#8221; global_colors_info=&#8221;{}&#8221;][et_pb_column type=&#8221;1_4&#8243; _builder_version=&#8221;4.16&#8243; global_colors_info=&#8221;{}&#8221;][\/et_pb_column][et_pb_column type=&#8221;1_4&#8243; _builder_version=&#8221;4.16&#8243; global_colors_info=&#8221;{}&#8221;][et_pb_image src=&#8221;https:\/\/glowrehabilita.com\/wp-content\/uploads\/2020\/03\/Glow_Chloe_ACCamera_15-Bany.jpg&#8221; _builder_version=&#8221;4.16&#8243; scroll_fade_enable=&#8221;on&#8221; scroll_fade=&#8221;0|50|50|100|0%|100|100&#8243; global_colors_info=&#8221;{}&#8221;][\/et_pb_image][\/et_pb_column][et_pb_column type=&#8221;1_2&#8243; _builder_version=&#8221;4.16&#8243; global_colors_info=&#8221;{}&#8221;][et_pb_text _builder_version=&#8221;4.16&#8243; global_colors_info=&#8221;{}&#8221;]<strong>PROJECTE<\/strong>[\/et_pb_text][et_pb_divider color=&#8221;#5f6062&#8243; _builder_version=&#8221;4.16&#8243; width=&#8221;10%&#8221; min_height=&#8221;0px&#8221; custom_margin=&#8221;||60px||false|false&#8221; locked=&#8221;off&#8221; global_colors_info=&#8221;{}&#8221;][\/et_pb_divider][et_pb_text _builder_version=&#8221;4.16&#8243; global_colors_info=&#8221;{}&#8221;]En aquesta fase, realitzarem una s\u00e8rie de pl\u00e0nols i imatges en 3D perqu\u00e8 puguis entendre i visualitzar com ser\u00e0 el teu projecte. Aquest proc\u00e9s de projecci\u00f3 tamb\u00e9 ens \u00e9s molt \u00fatil a nosaltres, ja que ens permet analitzar i comprendre l\u2019espai al 100% per trobar la soluci\u00f3 m\u00e9s id\u00f2nia amb tota mena de detalls.<\/p>\n<p>Ens tornarem a reunir per comentar el projecte i fer els ajustos necessaris perqu\u00e8 el resultat sigui perfecte.[\/et_pb_text][\/et_pb_column][\/et_pb_row][\/et_pb_section][et_pb_section fb_built=&#8221;1&#8243; _builder_version=&#8221;4.16&#8243; custom_padding=&#8221;0px||0px||false|false&#8221; global_colors_info=&#8221;{}&#8221;][et_pb_row column_structure=&#8221;1_4,1_4,1_2&#8243; use_custom_gutter=&#8221;on&#8221; gutter_width=&#8221;2&#8243; make_equal=&#8221;on&#8221; _builder_version=&#8221;4.16&#8243; background_enable_color=&#8221;off&#8221; background_size=&#8221;initial&#8221; background_position=&#8221;top_left&#8221; background_repeat=&#8221;repeat&#8221; width=&#8221;100%&#8221; custom_margin=&#8221;||||false|false&#8221; custom_padding=&#8221;20px||||false|false&#8221; global_colors_info=&#8221;{}&#8221;][et_pb_column type=&#8221;1_4&#8243; _builder_version=&#8221;4.16&#8243; global_colors_info=&#8221;{}&#8221;][\/et_pb_column][et_pb_column type=&#8221;1_4&#8243; _builder_version=&#8221;4.16&#8243; global_colors_info=&#8221;{}&#8221;][et_pb_image src=&#8221;https:\/\/glowrehabilita.com\/wp-content\/uploads\/2019\/03\/Glow-Rovellat-Sant-Cugat87.jpg&#8221; _builder_version=&#8221;4.16&#8243; global_colors_info=&#8221;{}&#8221;][\/et_pb_image][\/et_pb_column][et_pb_column type=&#8221;1_2&#8243; _builder_version=&#8221;4.16&#8243; global_colors_info=&#8221;{}&#8221;][et_pb_text _builder_version=&#8221;4.16&#8243; global_colors_info=&#8221;{}&#8221;]<strong>PRESSUPOST<\/strong>[\/et_pb_text][et_pb_divider color=&#8221;#5f6062&#8243; _builder_version=&#8221;4.16&#8243; width=&#8221;10%&#8221; min_height=&#8221;0px&#8221; custom_margin=&#8221;||60px||false|false&#8221; locked=&#8221;off&#8221; global_colors_info=&#8221;{}&#8221;][\/et_pb_divider][et_pb_text _builder_version=&#8221;4.27.5&#8243; global_colors_info=&#8221;{}&#8221;]<\/p>\n<p>Realitzarem un pressupost a mida, per a plasmar cadascun dels treballs que es realitzaran. Es tracta d&#8217;un pressupost detallat en el qual podr\u00e0s veure les unitats, refer\u00e8ncies sobre materials i el cost per unitat i total de cada element. Un pressupost minuci\u00f3s d\u00f3na valor al treball, garantint que no quedar\u00e0 res a l&#8217;atzar ni hi haur\u00e0 sorpreses d&#8217;\u00faltima hora.<\/p>\n<p>En tot moment, consensuarem i t\u2019assessorarem respecte els acabats i elements del disseny perqu\u00e8 la proposta final s\u2019adapti a les teves necessitats i al teu pressupost.<\/p>\n<p>[\/et_pb_text][\/et_pb_column][\/et_pb_row][\/et_pb_section][et_pb_section fb_built=&#8221;1&#8243; _builder_version=&#8221;4.16&#8243; custom_padding=&#8221;0px||50px||false|false&#8221; global_colors_info=&#8221;{}&#8221;][et_pb_row column_structure=&#8221;1_4,1_4,1_2&#8243; use_custom_gutter=&#8221;on&#8221; gutter_width=&#8221;2&#8243; make_equal=&#8221;on&#8221; _builder_version=&#8221;4.16&#8243; background_enable_color=&#8221;off&#8221; background_size=&#8221;initial&#8221; background_position=&#8221;top_left&#8221; background_repeat=&#8221;repeat&#8221; width=&#8221;100%&#8221; custom_margin=&#8221;||||false|false&#8221; custom_padding=&#8221;20px||||false|false&#8221; global_colors_info=&#8221;{}&#8221;][et_pb_column type=&#8221;1_4&#8243; _builder_version=&#8221;4.16&#8243; global_colors_info=&#8221;{}&#8221;][\/et_pb_column][et_pb_column type=&#8221;1_4&#8243; _builder_version=&#8221;4.16&#8243; global_colors_info=&#8221;{}&#8221;][et_pb_image src=&#8221;https:\/\/glowrehabilita.com\/wp-content\/uploads\/2020\/03\/Glow_Chloe_312_copia.jpg&#8221; _builder_version=&#8221;4.16&#8243; global_colors_info=&#8221;{}&#8221;][\/et_pb_image][\/et_pb_column][et_pb_column type=&#8221;1_2&#8243; _builder_version=&#8221;4.16&#8243; global_colors_info=&#8221;{}&#8221;][et_pb_text _builder_version=&#8221;4.16&#8243; global_colors_info=&#8221;{}&#8221;]<strong>DIRECCI\u00d3 I COORDINACI\u00d3 D&#8217;OBRA<\/strong>[\/et_pb_text][et_pb_divider color=&#8221;#5f6062&#8243; _builder_version=&#8221;4.16&#8243; width=&#8221;10%&#8221; min_height=&#8221;0px&#8221; custom_margin=&#8221;||60px||false|false&#8221; locked=&#8221;off&#8221; global_colors_info=&#8221;{}&#8221;][\/et_pb_divider][et_pb_text _builder_version=&#8221;4.16&#8243; global_colors_info=&#8221;{}&#8221;]Amb les idees i el pressupost tancat, ens posarem mans a l\u2019obra per dur a terme la fase m\u00e9s complexa del proc\u00e9s de reforma.<\/p>\n<p>Ens encarregarem del seguiment i gestions de l\u2019obra, coordinant a tots els professionals que formaran part d\u2019ella i assegurant-nos que es compleixen les qualitats i acabats que busquem.<\/p>\n<p>Gr\u00e0cies a la nostra experi\u00e8ncia en la direcci\u00f3 d\u2019obra, ens anticiparem i resoldrem qualsevol imprevist per concloure la reforma en el termini acordat.<\/p>\n<p>Un cop es finalitza el projecte, farem un seguiment i ens encarregarem de les possibles incid\u00e8ncies que puguin sorgir.[\/et_pb_text][\/et_pb_column][\/et_pb_row][\/et_pb_section]<\/p>\n","protected":false},"excerpt":{"rendered":"<p>Realitzem Projectes d\u2019Interiorisme i Arquitectura.Proposem un servei integral i claus en m\u00e0, en projectes i reformes d\u2019interiors de qualsevol mena d\u2019habitatge o local comercial.VISITAEn una primera reuni\u00f3, parlarem personalment per entendre qu\u00e8 \u00e9s el que necessites i compartir impressions. Ens prendrem el temps necessari per impregnar-nos de les idees i gustos que tens en ment, [&hellip;]<\/p>\n","protected":false},"author":5,"featured_media":0,"parent":0,"menu_order":0,"comment_status":"closed","ping_status":"closed","template":"","meta":{"_et_pb_use_builder":"on","_et_pb_old_content":"Proyectos de Interiorismo.\r\n\r\nProyectos integrales de reformas en viviendas.\r\n\r\nProyectos Integrales de Locales comerciales y oficinas (Legalizaci\u00f3n,obtenci\u00f3n de licencias de apertura, llaves en mano )\r\n\r\nRehabilitaci\u00f3n de fachadas.\r\n\r\nMantenimientos integrales.","_et_gb_content_width":"","inline_featured_image":false,"footnotes":""},"class_list":["post-28288","page","type-page","status-publish","hentry"],"_links":{"self":[{"href":"https:\/\/glowrehabilita.com\/ca\/wp-json\/wp\/v2\/pages\/28288","targetHints":{"allow":["GET"]}}],"collection":[{"href":"https:\/\/glowrehabilita.com\/ca\/wp-json\/wp\/v2\/pages"}],"about":[{"href":"https:\/\/glowrehabilita.com\/ca\/wp-json\/wp\/v2\/types\/page"}],"author":[{"embeddable":true,"href":"https:\/\/glowrehabilita.com\/ca\/wp-json\/wp\/v2\/users\/5"}],"replies":[{"embeddable":true,"href":"https:\/\/glowrehabilita.com\/ca\/wp-json\/wp\/v2\/comments?post=28288"}],"version-history":[{"count":31,"href":"https:\/\/glowrehabilita.com\/ca\/wp-json\/wp\/v2\/pages\/28288\/revisions"}],"predecessor-version":[{"id":987516416,"href":"https:\/\/glowrehabilita.com\/ca\/wp-json\/wp\/v2\/pages\/28288\/revisions\/987516416"}],"wp:attachment":[{"href":"https:\/\/glowrehabilita.com\/ca\/wp-json\/wp\/v2\/media?parent=28288"}],"curies":[{"name":"wp","href":"https:\/\/api.w.org\/{rel}","templated":true}]}}